{"id":402,"date":"2020-03-27T00:28:59","date_gmt":"2020-03-26T23:28:59","guid":{"rendered":"https:\/\/automobilklub.opole.pl\/newsite\/?page_id=402"},"modified":"2020-10-17T22:46:39","modified_gmt":"2020-10-17T21:46:39","slug":"jak-uzyskac-znizke-na-oc","status":"publish","type":"page","link":"https:\/\/automobilklub.opole.pl\/newsite\/jak-uzyskac-znizke-na-oc\/","title":{"rendered":"Jak uzyska\u0107 zni\u017ck\u0119 na OC"},"content":{"rendered":"\n<p>Dzi\u0119ki cz\u0142onkostwu w Automobilklubie Opolskim stajesz si\u0119 Cz\u0142onkiem Polskiego Zwi\u0105zku Motorowego i mo\u017cesz uzyska\u0107 nawet do 70% zni\u017cki na OC dla samochod\u00f3w i motocykli u\u017cytkowanych ponad 25 lat (zgodnie z dat\u0105 pierwszej rejestracji). <\/p>\n\n\n\n<p>Dodatkowo na podstawie uzyskanego przez PZM porozumienia, specjalnie  dla Cz\u0142onk\u00f3w PZM, Compensa przygotowa\u0142a dedykowan\u0105 promocj\u0119 \u2013 jeszcze  DODATKOWE 15% ZNI\u017bKI!!<\/p>\n\n\n\n<p>Zni\u017cka ta obowi\u0105zuje wy\u0142\u0105cznie z aktualn\u0105 kart\u0105 cz\u0142onkowsk\u0105 PZM!!<\/p>\n\n\n\n<p>ZASADY UDZIELANIA ZNI\u017bKI S\u0104 PROSTE:<br>&#8211; zni\u017cka obejmuje youngtimery i oldtimery<br>&#8211; dotyczy pojazd\u00f3w osobowych i motocykli powy\u017cej 25 roku eksploatacji (zgodnie z dat\u0105 produkcji)<br>&#8211; nie ma znaczenia, czy pojazd posiada \u201e\u017c\u00f3\u0142te\u201d czy \u201ebia\u0142e\u201d tablice rejestracyjne<br>&#8211; w celu zawarcia polisy nale\u017cy posiada\u0107 aktywn\u0105 kart\u0119 cz\u0142onkowsk\u0105 PZM<br>&#8211; zni\u017cka dla cz\u0142onk\u00f3w PZM ma zastosowanie bez wzgl\u0119du na wiek w\u0142a\u015bciciela pojazdu<br>&#8211; promocja wchodzi w \u017cycie 7 stycznia 2019<\/p>\n\n\n\n<p>Promocja b\u0119dzie dost\u0119pna w oddzia\u0142ach, filiach oraz na infolinii Compensy.<br>Aby zawrze\u0107 umow\u0119 ubezpieczenia nie musicie si\u0119 w og\u00f3le rusza\u0107 z domu!!<br>Wystarczy\n skontaktowa\u0107 si\u0119 z dowoln\u0105 plac\u00f3wk\u0105 Compensy, przekaza\u0107 niezb\u0119dne dane,\n a polisa ubezpieczeniowa zostanie przes\u0142ana na Wasz adres mailowy!!<\/p>\n\n\n\n<p>Adresy plac\u00f3wek oraz telefony znajdziecie na stronie <a href=\"https:\/\/www.compensa.pl\/kontakt\/\">https:\/\/www.compensa.pl\/kontakt\/<\/a>.<br>Mo\u017cecie r\u00f3wnie\u017c zostawi\u0107 swoje dane teleadresowe, a konsultanci Compensa do Was oddzwoni\u0105.<\/p>\n\n\n\n<p><a href=\"https:\/\/automobilklub.opole.pl\/wp-content\/uploads\/2020\/10\/karta_czlonkowska_ao.pdf\" target=\"_blank\" rel=\"noreferrer noopener\">Formularz cz\u0142onkostwa w Automobilklubie Opolskim<\/a><\/p>\n","protected":false},"excerpt":{"rendered":"<p>Dzi\u0119ki cz\u0142onkostwu w Automobilklubie Opolskim stajesz si\u0119 Cz\u0142onkiem Polskiego Zwi\u0105zku Motorowego i mo\u017cesz uzyska\u0107 nawet do 70% zni\u017cki na OC dla samochod\u00f3w i motocykli u\u017cytkowanych ponad 25 lat (zgodnie z dat\u0105 pierwszej rejestracji). Dodatkowo na podstawie uzyskanego przez PZM porozumienia, specjalnie dla Cz\u0142onk\u00f3w PZM, Compensa przygotowa\u0142a dedykowan\u0105 promocj\u0119 \u2013 jeszcze DODATKOWE 15% ZNI\u017bKI!! Zni\u017cka ta<span class=\"post-excerpt-end\">&hellip;<\/span><\/p>\n<p class=\"more-link\"><a href=\"https:\/\/automobilklub.opole.pl\/newsite\/jak-uzyskac-znizke-na-oc\/\" class=\"themebutton\">Read More<\/a><\/p>\n","protected":false},"author":1,"featured_media":0,"parent":0,"menu_order":0,"comment_status":"closed","ping_status":"closed","template":"","meta":{"footnotes":""},"class_list":["post-402","page","type-page","status-publish","hentry"],"_links":{"self":[{"href":"https:\/\/automobilklub.opole.pl\/newsite\/wp-json\/wp\/v2\/pages\/402","targetHints":{"allow":["GET"]}}],"collection":[{"href":"https:\/\/automobilklub.opole.pl\/newsite\/wp-json\/wp\/v2\/pages"}],"about":[{"href":"https:\/\/automobilklub.opole.pl\/newsite\/wp-json\/wp\/v2\/types\/page"}],"author":[{"embeddable":true,"href":"https:\/\/automobilklub.opole.pl\/newsite\/wp-json\/wp\/v2\/users\/1"}],"replies":[{"embeddable":true,"href":"https:\/\/automobilklub.opole.pl\/newsite\/wp-json\/wp\/v2\/comments?post=402"}],"version-history":[{"count":5,"href":"https:\/\/automobilklub.opole.pl\/newsite\/wp-json\/wp\/v2\/pages\/402\/revisions"}],"predecessor-version":[{"id":611,"href":"https:\/\/automobilklub.opole.pl\/newsite\/wp-json\/wp\/v2\/pages\/402\/revisions\/611"}],"wp:attachment":[{"href":"https:\/\/automobilklub.opole.pl\/newsite\/wp-json\/wp\/v2\/media?parent=402"}],"curies":[{"name":"wp","href":"https:\/\/api.w.org\/{rel}","templated":true}]}}