{"id":337,"date":"2020-03-22T22:26:27","date_gmt":"2020-03-22T21:26:27","guid":{"rendered":"https:\/\/automobilklub.opole.pl\/newsite\/?page_id=337"},"modified":"2026-02-18T15:55:16","modified_gmt":"2026-02-18T14:55:16","slug":"regulaminy","status":"publish","type":"page","link":"https:\/\/automobilklub.opole.pl\/newsite\/regulaminy\/","title":{"rendered":"Regulaminy"},"content":{"rendered":"\n<p><a href=\"https:\/\/pzm.pl\/pliki\/zg\/samochody\/2026\/regulaminy\/01_rsmp_2026-wersja-na-dzien-2026.01.30.pdf\" target=\"_blank\" rel=\"noreferrer noopener\" aria-label=\"Regulamin Rajdowych Samochodowych Mistrzostw Polski 2026 (otwiera si\u0119 na nowej zak\u0142adce)\">Regulamin Rajdowych Samochodowych Mistrzostw Polski 2026<\/a><\/p>\n\n\n\n<p><a href=\"https:\/\/pzm.pl\/pliki\/zg\/samochody\/02_hrsmp_2025_wersja_na_dzien_2025.02.28.pdf\" target=\"_blank\" rel=\"noreferrer noopener\" aria-label=\"Regulamin Historycznych Rajdowych Samochodowych Mistrzostw Polski 2025 (otwiera si\u0119 na nowej zak\u0142adce)\">Regulamin Historycznych Rajdowych Samochodowych Mistrzostw Polski 2025<\/a><\/p>\n\n\n\n<p><a href=\"https:\/\/pzm.pl\/pliki\/zg\/samochody\/2026\/regulaminy\/03_ro_2026-wersja-na-dzien-2026.01.20.pdf\" target=\"_blank\" rel=\"noreferrer noopener\" aria-label=\"Regulamin Rajd\u00f3w Okr\u0119gowych 2026 (otwiera si\u0119 na nowej zak\u0142adce)\">Regulamin Rajd\u00f3w Okr\u0119gowych 2026<\/a><\/p>\n\n\n\n<p><a href=\"https:\/\/pzm.pl\/pliki\/zg\/samochody\/2026\/regulaminy\/04_ais_2026-wersja-na-dzien-2026.01.17.pdf\" target=\"_blank\" rel=\"noreferrer noopener\" aria-label=\"Regulamin Amatorskich Imprez Samochodowych 2026 (otwiera si\u0119 na nowej zak\u0142adce)\">Regulamin Amatorskich Imprez Samochodowych 2026<\/a><\/p>\n\n\n\n<p><a rel=\"noreferrer noopener\" aria-label=\"Regulamin Ramowy Kierowcy Roku Opolszczyzny 2026 (otwiera si\u0119 na nowej zak\u0142adce)\" href=\"https:\/\/automobilklub.opole.pl\/wp-content\/uploads\/2026\/02\/Regulamin-Ramowy-KRO-2026.pdf\" target=\"_blank\">Regulamin Ramowy Kierowcy Roku Opolszczyzny 2026<\/a><\/p>\n\n\n\n<p><a href=\"https:\/\/pzm.pl\/pliki\/zg\/samochody\/2026\/regulaminy\/przepisy-szczegolowe-grupy-pzm-open_2026_2026.01.29.pdf\" target=\"_blank\" rel=\"noreferrer noopener\" aria-label=\"Przepisy Szczeg\u00f3\u0142owe Grupy PZM Open 2026 (otwiera si\u0119 na nowej zak\u0142adce)\">Przepisy Szczeg\u00f3\u0142owe Grupy PZM Open 2026<\/a><\/p>\n\n\n\n<p><a href=\"https:\/\/pzm.pl\/pliki\/zg\/samochody\/2026\/regulaminy\/przepisy-szczegolowe-grupy-pzm-hr_2026_2026.01.29.pdf\" target=\"_blank\" rel=\"noreferrer noopener\" aria-label=\"Przepisy Szczeg\u00f3\u0142owe Grupy PZM HR 2026 (otwiera si\u0119 na nowej zak\u0142adce)\">Przepisy Szczeg\u00f3\u0142owe Grupy PZM HR 2026<\/a><\/p>\n\n\n\n<p><a aria-label=\"Przepisy Szczeg\u00f3\u0142owe Grupy RN PZM 2025 (otwiera si\u0119 na nowej zak\u0142adce)\" href=\"https:\/\/archiwum.pzm.pl\/pliki\/zg\/samochody\/przepisy_szczegolowe_grupy_pzm_rn_2025_2025.05.23_1.pdf\" target=\"_blank\" rel=\"noreferrer noopener\">Przepisy Szczeg\u00f3\u0142owe Grupy PZM RN 2025<\/a><\/p>\n\n\n\n<p><a aria-label=\"Przepisy Szczeg\u00f3\u0142owe Grupy R4N PZM 2025 (otwiera si\u0119 na nowej zak\u0142adce)\" href=\"https:\/\/archiwum.pzm.pl\/pliki\/zg\/samochody\/przepisy_szczegolowe_grupy_r4n_pzm_2025_2025.04.11.pdf\" target=\"_blank\" rel=\"noreferrer noopener\">Przepisy Szczeg\u00f3\u0142owe Grupy PZM R4N 2025<\/a><\/p>\n\n\n\n<p><a aria-label=\"Przepisy Szczeg\u00f3\u0142owe Amatorski Samoch\u00f3d Sportowy AIS 2026 (otwiera si\u0119 na nowej zak\u0142adce)\" href=\"https:\/\/pzm.pl\/pliki\/zg\/samochody\/2026\/regulaminy\/przepisy-szczegolowe-amatorski-samochod-sportowy-ais_2026_2026.01.29.pdf\" target=\"_blank\" rel=\"noreferrer noopener\">Przepisy Szczeg\u00f3\u0142owe Amatorski Samoch\u00f3d Sportowy AIS 2026<\/a><\/p>\n\n\n\n<p><a aria-label=\"Przepisy Szczeg\u00f3\u0142owe Samoch\u00f3d Seryjny AIS 2026 (otwiera si\u0119 na nowej zak\u0142adce)\" href=\"https:\/\/pzm.pl\/pliki\/zg\/samochody\/2026\/regulaminy\/przepisy-szczegolowe-samochod-seryjny-ais_2026_2026.01.29.pdf\" target=\"_blank\" rel=\"noreferrer noopener\">Przepisy Szczeg\u00f3\u0142owe Samoch\u00f3d Seryjny AIS 2026<\/a><\/p>\n\n\n\n<p><\/p>\n","protected":false},"excerpt":{"rendered":"<p>Regulamin Rajdowych Samochodowych Mistrzostw Polski 2026 Regulamin Historycznych Rajdowych Samochodowych Mistrzostw Polski 2025 Regulamin Rajd\u00f3w Okr\u0119gowych 2026 Regulamin Amatorskich Imprez Samochodowych 2026 Regulamin Ramowy Kierowcy Roku Opolszczyzny 2026 Przepisy Szczeg\u00f3\u0142owe Grupy PZM Open 2026 Przepisy Szczeg\u00f3\u0142owe Grupy PZM HR 2026 Przepisy Szczeg\u00f3\u0142owe Grupy PZM RN 2025 Przepisy Szczeg\u00f3\u0142owe Grupy PZM R4N 2025 Przepisy Szczeg\u00f3\u0142owe Amatorski<span class=\"post-excerpt-end\">&hellip;<\/span><\/p>\n<p class=\"more-link\"><a href=\"https:\/\/automobilklub.opole.pl\/newsite\/regulaminy\/\" class=\"themebutton\">Read More<\/a><\/p>\n","protected":false},"author":1,"featured_media":344,"parent":0,"menu_order":0,"comment_status":"closed","ping_status":"closed","template":"","meta":{"footnotes":""},"class_list":["post-337","page","type-page","status-publish","has-post-thumbnail","hentry"],"_links":{"self":[{"href":"https:\/\/automobilklub.opole.pl\/newsite\/wp-json\/wp\/v2\/pages\/337","targetHints":{"allow":["GET"]}}],"collection":[{"href":"https:\/\/automobilklub.opole.pl\/newsite\/wp-json\/wp\/v2\/pages"}],"about":[{"href":"https:\/\/automobilklub.opole.pl\/newsite\/wp-json\/wp\/v2\/types\/page"}],"author":[{"embeddable":true,"href":"https:\/\/automobilklub.opole.pl\/newsite\/wp-json\/wp\/v2\/users\/1"}],"replies":[{"embeddable":true,"href":"https:\/\/automobilklub.opole.pl\/newsite\/wp-json\/wp\/v2\/comments?post=337"}],"version-history":[{"count":34,"href":"https:\/\/automobilklub.opole.pl\/newsite\/wp-json\/wp\/v2\/pages\/337\/revisions"}],"predecessor-version":[{"id":1695,"href":"https:\/\/automobilklub.opole.pl\/newsite\/wp-json\/wp\/v2\/pages\/337\/revisions\/1695"}],"wp:featuredmedia":[{"embeddable":true,"href":"https:\/\/automobilklub.opole.pl\/newsite\/wp-json\/wp\/v2\/media\/344"}],"wp:attachment":[{"href":"https:\/\/automobilklub.opole.pl\/newsite\/wp-json\/wp\/v2\/media?parent=337"}],"curies":[{"name":"wp","href":"https:\/\/api.w.org\/{rel}","templated":true}]}}