{"id":233,"date":"2019-03-10T21:04:57","date_gmt":"2019-03-10T20:04:57","guid":{"rendered":"http:\/\/automobilklub.opole.pl\/newsite\/?page_id=233"},"modified":"2019-03-10T21:38:05","modified_gmt":"2019-03-10T20:38:05","slug":"wspolpraca","status":"publish","type":"page","link":"https:\/\/automobilklub.opole.pl\/newsite\/wspolpraca\/","title":{"rendered":"Wsp\u00f3\u0142praca"},"content":{"rendered":"\n<div class=\"wp-block-media-text alignwide\" style=\"grid-template-columns:40% auto\"><figure class=\"wp-block-media-text__media\"><img loading=\"lazy\" decoding=\"async\" width=\"1024\" height=\"682\" src=\"http:\/\/automobilklub.opole.pl\/newsite\/wp-content\/uploads\/2019\/03\/Rajd-Festiwalowy-2017-prolog_45-1024x682.jpg\" alt=\"\" class=\"wp-image-240\" srcset=\"https:\/\/automobilklub.opole.pl\/wp-content\/uploads\/2019\/03\/Rajd-Festiwalowy-2017-prolog_45-1024x682.jpg 1024w, https:\/\/automobilklub.opole.pl\/wp-content\/uploads\/2019\/03\/Rajd-Festiwalowy-2017-prolog_45-300x200.jpg 300w, https:\/\/automobilklub.opole.pl\/wp-content\/uploads\/2019\/03\/Rajd-Festiwalowy-2017-prolog_45-768x512.jpg 768w, https:\/\/automobilklub.opole.pl\/wp-content\/uploads\/2019\/03\/Rajd-Festiwalowy-2017-prolog_45-570x380.jpg 570w, https:\/\/automobilklub.opole.pl\/wp-content\/uploads\/2019\/03\/Rajd-Festiwalowy-2017-prolog_45-380x254.jpg 380w, https:\/\/automobilklub.opole.pl\/wp-content\/uploads\/2019\/03\/Rajd-Festiwalowy-2017-prolog_45-285x190.jpg 285w, https:\/\/automobilklub.opole.pl\/wp-content\/uploads\/2019\/03\/Rajd-Festiwalowy-2017-prolog_45.jpg 1280w\" sizes=\"auto, (max-width: 1024px) 100vw, 1024px\" \/><\/figure><div class=\"wp-block-media-text__content\">\n<p class=\"has-text-color has-very-dark-gray-color\">Serdecznie zapraszamy do wsp\u00f3\u0142pracy z Automobilklubem Opolskim.   Dotychczasowe  dzia\u0142ania \u015bwiadcz\u0105, \u017ce warto do\u0142\u0105czy\u0107 do grona naszych   Partner\u00f3w. Dzi\u0119ki  kooperacji znacz\u0105co wzros\u0142a \u015bwiadomo\u015b\u0107 partnerskich   marek w\u015br\u00f3d kibic\u00f3w,  uczestnik\u00f3w jak i firm funkcjonuj\u0105cych na   Opolszczy\u017anie i w ca\u0142ej Polsce.  Otoczenie biznesowe wok\u00f3\u0142 naszych   imprez ma dla nas szczeg\u00f3lne znaczenie.  Sukces naszych rajd\u00f3w to tak\u017ce   sukces Pa\u0144stwa firmy.  <br><br>Osoba kontaktowa:<br>Imi\u0119 Nazwisko<br><a href=\"adres@automobilklub.opole.pl\">adres@autom<\/a><a href=\"mailto: adres@automobilklub.opole.pl\">obilklub.opole.pl<\/a><br>+48123456789<br><\/p>\n\n\n\n<p><\/p>\n<\/div><\/div>\n","protected":false},"excerpt":{"rendered":"<p>Serdecznie zapraszamy do wsp\u00f3\u0142pracy z Automobilklubem Opolskim. Dotychczasowe dzia\u0142ania \u015bwiadcz\u0105, \u017ce warto do\u0142\u0105czy\u0107 do grona naszych Partner\u00f3w. Dzi\u0119ki kooperacji znacz\u0105co wzros\u0142a \u015bwiadomo\u015b\u0107 partnerskich marek w\u015br\u00f3d kibic\u00f3w, uczestnik\u00f3w jak i firm funkcjonuj\u0105cych na Opolszczy\u017anie i w ca\u0142ej Polsce. Otoczenie biznesowe wok\u00f3\u0142 naszych imprez ma dla nas szczeg\u00f3lne znaczenie. Sukces naszych rajd\u00f3w to tak\u017ce sukces Pa\u0144stwa firmy.<span class=\"post-excerpt-end\">&hellip;<\/span><\/p>\n<p class=\"more-link\"><a href=\"https:\/\/automobilklub.opole.pl\/newsite\/wspolpraca\/\" class=\"themebutton\">Read More<\/a><\/p>\n","protected":false},"author":1,"featured_media":0,"parent":0,"menu_order":0,"comment_status":"closed","ping_status":"closed","template":"","meta":{"footnotes":""},"class_list":["post-233","page","type-page","status-publish","hentry"],"_links":{"self":[{"href":"https:\/\/automobilklub.opole.pl\/newsite\/wp-json\/wp\/v2\/pages\/233","targetHints":{"allow":["GET"]}}],"collection":[{"href":"https:\/\/automobilklub.opole.pl\/newsite\/wp-json\/wp\/v2\/pages"}],"about":[{"href":"https:\/\/automobilklub.opole.pl\/newsite\/wp-json\/wp\/v2\/types\/page"}],"author":[{"embeddable":true,"href":"https:\/\/automobilklub.opole.pl\/newsite\/wp-json\/wp\/v2\/users\/1"}],"replies":[{"embeddable":true,"href":"https:\/\/automobilklub.opole.pl\/newsite\/wp-json\/wp\/v2\/comments?post=233"}],"version-history":[{"count":9,"href":"https:\/\/automobilklub.opole.pl\/newsite\/wp-json\/wp\/v2\/pages\/233\/revisions"}],"predecessor-version":[{"id":247,"href":"https:\/\/automobilklub.opole.pl\/newsite\/wp-json\/wp\/v2\/pages\/233\/revisions\/247"}],"wp:attachment":[{"href":"https:\/\/automobilklub.opole.pl\/newsite\/wp-json\/wp\/v2\/media?parent=233"}],"curies":[{"name":"wp","href":"https:\/\/api.w.org\/{rel}","templated":true}]}}