{"id":126,"date":"2019-03-09T18:56:30","date_gmt":"2019-03-09T18:56:30","guid":{"rendered":"http:\/\/automobilklub.opole.pl\/newsite\/?page_id=126"},"modified":"2019-03-09T19:07:38","modified_gmt":"2019-03-09T19:07:38","slug":"polityka-cookies","status":"publish","type":"page","link":"https:\/\/automobilklub.opole.pl\/newsite\/polityka-cookies\/","title":{"rendered":"Polityka Cookies"},"content":{"rendered":"\n<p><strong>Czym s\u0105 pliki &#8222;cookies&#8221;? <\/strong><br>Pliki &#8222;cookies&#8221;  to ma\u0142e pliki tekstowe rejestruj\u0105ce aktywno\u015b\u0107  u\u017cytkownika online.  U\u0142atwiaj\u0105 poruszanie si\u0119 po witrynie oraz  podejmowanie rozmaitych  dzia\u0142a\u0144, poniewa\u017c rozpoznaj\u0105 urz\u0105dzenie  U\u017cytkownika i wy\u015bwietlaj\u0105  stron\u0119 dopasowan\u0105 do jego indywidualnych  preferencji.<br> <br><strong>Jakiego rodzaju plik\u00f3w &#8222;cookie&#8221; u\u017cywamy i w jaki spos\u00f3b je wykorzystujemy? <\/strong><br> <br>Sesyjne pliki cookie &#8211; pliki cookie pozwalaj\u0105ce zapami\u0119ta\u0107 wybory dokonane przez U\u017cytkownika i   u\u017cywane m.in. przy logowaniu. Pozostaj\u0105 na urz\u0105dzeniu u\u017cytkownika do   czasu wylogowania z serwisu lub zamkni\u0119cia przegl\u0105darki. <br> <br>Pliki cookie s\u0142u\u017c\u0105ce do analiz &#8211; pliki cookie pozwalaj\u0105ce zbiera\u0107 dane zwi\u0105zane ze sposobem korzystania z   witryny internetowej, w tym tre\u015bci klikane przez u\u017cytkownika podczas   przegl\u0105dania witryny, i umo\u017cliwiaj\u0105ce ulepszanie dzia\u0142ania oraz   struktury serwisu. <br>  <br><strong>Usuwanie plik\u00f3w &#8222;cookie&#8221; <\/strong><br>Ka\u017cdy rodzaj przegl\u0105darki oferuje mo\u017cliwo\u015b\u0107 blokowania i kasowania   plik\u00f3w cookie. Wi\u0119cej informacji na temat zarz\u0105dzania plikami cookie   mo\u017cna uzyska\u0107, korzystaj\u0105c z poni\u017cszych link\u00f3w.<\/p>\n\n\n\n<p><a rel=\"noreferrer noopener\" href=\"http:\/\/windows.microsoft.com\/en-GB\/windows7\/How-to-manage-cookies-in-Internet-Explorer-9\" target=\"_blank\">Internet Explorer<\/a><br><a rel=\"noreferrer noopener\" href=\"http:\/\/support.mozilla.org\/en-US\/kb\/cookies-information-websites-store-on-your-computer?redirectlocale=en-US&amp;redirectslug=Cookies\" target=\"_blank\">Firefox<\/a><br><a rel=\"noreferrer noopener\" href=\"http:\/\/support.google.com\/chrome\/bin\/answer.py?hl=en&amp;answer=95647\" target=\"_blank\">Google Chrome<\/a><br><a rel=\"noreferrer noopener\" href=\"http:\/\/support.apple.com\/kb\/PH5042\" target=\"_blank\">Safari<\/a><\/p>\n","protected":false},"excerpt":{"rendered":"<p>Czym s\u0105 pliki &#8222;cookies&#8221;? Pliki &#8222;cookies&#8221; to ma\u0142e pliki tekstowe rejestruj\u0105ce aktywno\u015b\u0107 u\u017cytkownika online. U\u0142atwiaj\u0105 poruszanie si\u0119 po witrynie oraz podejmowanie rozmaitych dzia\u0142a\u0144, poniewa\u017c rozpoznaj\u0105 urz\u0105dzenie U\u017cytkownika i wy\u015bwietlaj\u0105 stron\u0119 dopasowan\u0105 do jego indywidualnych preferencji. Jakiego rodzaju plik\u00f3w &#8222;cookie&#8221; u\u017cywamy i w jaki spos\u00f3b je wykorzystujemy? Sesyjne pliki cookie &#8211; pliki cookie pozwalaj\u0105ce zapami\u0119ta\u0107 wybory<span class=\"post-excerpt-end\">&hellip;<\/span><\/p>\n<p class=\"more-link\"><a href=\"https:\/\/automobilklub.opole.pl\/newsite\/polityka-cookies\/\" class=\"themebutton\">Read More<\/a><\/p>\n","protected":false},"author":1,"featured_media":0,"parent":0,"menu_order":0,"comment_status":"closed","ping_status":"closed","template":"","meta":{"footnotes":""},"class_list":["post-126","page","type-page","status-publish","hentry"],"_links":{"self":[{"href":"https:\/\/automobilklub.opole.pl\/newsite\/wp-json\/wp\/v2\/pages\/126","targetHints":{"allow":["GET"]}}],"collection":[{"href":"https:\/\/automobilklub.opole.pl\/newsite\/wp-json\/wp\/v2\/pages"}],"about":[{"href":"https:\/\/automobilklub.opole.pl\/newsite\/wp-json\/wp\/v2\/types\/page"}],"author":[{"embeddable":true,"href":"https:\/\/automobilklub.opole.pl\/newsite\/wp-json\/wp\/v2\/users\/1"}],"replies":[{"embeddable":true,"href":"https:\/\/automobilklub.opole.pl\/newsite\/wp-json\/wp\/v2\/comments?post=126"}],"version-history":[{"count":3,"href":"https:\/\/automobilklub.opole.pl\/newsite\/wp-json\/wp\/v2\/pages\/126\/revisions"}],"predecessor-version":[{"id":135,"href":"https:\/\/automobilklub.opole.pl\/newsite\/wp-json\/wp\/v2\/pages\/126\/revisions\/135"}],"wp:attachment":[{"href":"https:\/\/automobilklub.opole.pl\/newsite\/wp-json\/wp\/v2\/media?parent=126"}],"curies":[{"name":"wp","href":"https:\/\/api.w.org\/{rel}","templated":true}]}}